{"id":128,"date":"2020-03-19T21:11:03","date_gmt":"2020-03-19T20:11:03","guid":{"rendered":"https:\/\/www.bjoly.fr\/?page_id=128"},"modified":"2020-04-09T14:07:54","modified_gmt":"2020-04-09T12:07:54","slug":"les-stress","status":"publish","type":"page","link":"https:\/\/www.bjoly.fr\/index.php\/les-stress\/","title":{"rendered":"Les stress"},"content":{"rendered":"<p>Les stress sont omnipr\u00e9sents en vous et autour de vous, chaque jour et \u00e0 chaque moment de votre vie. Ils interviennent dans vos paroles,\u00a0 vos actions et vos r\u00e9actions. Vous \u00eates :<\/p>\n<ul>\n<li>\u00a0Sportif(ve) en phase pr\u00e9paratoire\u00a0 de comp\u00e9tition.<\/li>\n<li>\u00a0Etudiant(e) en p\u00e9riode d&rsquo;examens scolaires.<\/li>\n<li>\u00a0Ind\u00e9pendant(e), employeur(se) ou salari\u00e9(e) dans une entreprise ayant des objectifs \u00e0 atteindre.<\/li>\n<li>\u00a0Personne malade.<\/li>\n<li>\u00a0Relations parents\/enfants\/couples \/handicap\u00e9s(es).<\/li>\n<li>\u00a0Relations voisinages ou salariales.<\/li>\n<\/ul>\n<p>G\u00e9n\u00e9ralement, vous devenez brusque, impatient ou boulimique, ind\u00e9pendamment de votre volont\u00e9 et ce malgr\u00e9 des\u00a0 efforts insurmontables. Ne vous culpabilisez pas ! Parce que les stress et les troubles qui l&rsquo;accompagnent sont assidus dans votre quotidien, qu&rsquo;ils sont parfois plus\u00a0 forts et ingu\u00e9rissables.<\/p>\n<p>Je peux vous aider \u00e0 les maitriser,\u00a0 les apprivoiser et les dompter afin que vous conserviez toutes vos capacit\u00e9s \u00e0 surmonter vos difficult\u00e9s en toute s\u00e9r\u00e9nit\u00e9.<\/p>\n","protected":false},"excerpt":{"rendered":"<p>Les stress sont omnipr\u00e9sents en vous et autour de vous, chaque jour et \u00e0 chaque moment de votre vie. Ils interviennent dans vos paroles,\u00a0 vos actions et vos r\u00e9actions. Vous \u00eates : \u00a0Sportif(ve) en phase pr\u00e9paratoire\u00a0 de comp\u00e9tition. \u00a0Etudiant(e) en p\u00e9riode d&rsquo;examens scolaires. \u00a0Ind\u00e9pendant(e), employeur(se) ou salari\u00e9(e) dans une entreprise ayant des objectifs \u00e0 atteindre. &hellip; <\/p>\n","protected":false},"author":2,"featured_media":0,"parent":0,"menu_order":0,"comment_status":"closed","ping_status":"closed","template":"","meta":{"footnotes":""},"class_list":["post-128","page","type-page","status-publish","hentry"],"_links":{"self":[{"href":"https:\/\/www.bjoly.fr\/index.php\/wp-json\/wp\/v2\/pages\/128","targetHints":{"allow":["GET"]}}],"collection":[{"href":"https:\/\/www.bjoly.fr\/index.php\/wp-json\/wp\/v2\/pages"}],"about":[{"href":"https:\/\/www.bjoly.fr\/index.php\/wp-json\/wp\/v2\/types\/page"}],"author":[{"embeddable":true,"href":"https:\/\/www.bjoly.fr\/index.php\/wp-json\/wp\/v2\/users\/2"}],"replies":[{"embeddable":true,"href":"https:\/\/www.bjoly.fr\/index.php\/wp-json\/wp\/v2\/comments?post=128"}],"version-history":[{"count":7,"href":"https:\/\/www.bjoly.fr\/index.php\/wp-json\/wp\/v2\/pages\/128\/revisions"}],"predecessor-version":[{"id":396,"href":"https:\/\/www.bjoly.fr\/index.php\/wp-json\/wp\/v2\/pages\/128\/revisions\/396"}],"wp:attachment":[{"href":"https:\/\/www.bjoly.fr\/index.php\/wp-json\/wp\/v2\/media?parent=128"}],"curies":[{"name":"wp","href":"https:\/\/api.w.org\/{rel}","templated":true}]}}