{"id":140,"date":"2020-03-24T22:25:59","date_gmt":"2020-03-24T21:25:59","guid":{"rendered":"https:\/\/www.bjoly.fr\/?page_id=140"},"modified":"2020-04-09T14:28:56","modified_gmt":"2020-04-09T12:28:56","slug":"les-separations-les-deces","status":"publish","type":"page","link":"https:\/\/www.bjoly.fr\/index.php\/les-separations-les-deces\/","title":{"rendered":"Les s\u00e9parations &#8211; les d\u00e9c\u00e8s"},"content":{"rendered":"<p>Les gens pensent que la mort, quelle qu&rsquo;en soit sa nature et\/ou le divorce sont injustes et parfois insurmontables face \u00e0 cette s\u00e9paration d&rsquo;un proche, plus particuli\u00e8rement lorsqu&rsquo;elle est brutale et inattendue. Elle se caract\u00e9rise ainsi par des troubles du sommeil,\u00a0 par l&rsquo;impossibilit\u00e9 de se lever,\u00a0 de s&rsquo;alimenter et par un manque de motivation \u00e0 la vie qui vous parait sans fin.\u00a0 Ce manque est bien pr\u00e9sent,\u00a0 insoutenable et injuste. Vous avez l&rsquo;impression que toute votre vie s&rsquo;\u00e9croule.<\/p>\n<p>Je peux vous aider \u00e0 passer et \u00e0 comprendre toutes les \u00e9tapes du processus du deuil ou de la s\u00e9paration en vous apportant les solutions qui vous permettront d&rsquo;accepter et de continuer \u00e0 vivre sans souffrir et sans pour autant oublier.<\/p>\n<p>&nbsp;<\/p>\n","protected":false},"excerpt":{"rendered":"<p>Les gens pensent que la mort, quelle qu&rsquo;en soit sa nature et\/ou le divorce sont injustes et parfois insurmontables face \u00e0 cette s\u00e9paration d&rsquo;un proche, plus particuli\u00e8rement lorsqu&rsquo;elle est brutale et inattendue. Elle se caract\u00e9rise ainsi par des troubles du sommeil,\u00a0 par l&rsquo;impossibilit\u00e9 de se lever,\u00a0 de s&rsquo;alimenter et par un manque de motivation \u00e0 &hellip; <\/p>\n","protected":false},"author":2,"featured_media":0,"parent":0,"menu_order":0,"comment_status":"closed","ping_status":"closed","template":"","meta":{"footnotes":""},"class_list":["post-140","page","type-page","status-publish","hentry"],"_links":{"self":[{"href":"https:\/\/www.bjoly.fr\/index.php\/wp-json\/wp\/v2\/pages\/140","targetHints":{"allow":["GET"]}}],"collection":[{"href":"https:\/\/www.bjoly.fr\/index.php\/wp-json\/wp\/v2\/pages"}],"about":[{"href":"https:\/\/www.bjoly.fr\/index.php\/wp-json\/wp\/v2\/types\/page"}],"author":[{"embeddable":true,"href":"https:\/\/www.bjoly.fr\/index.php\/wp-json\/wp\/v2\/users\/2"}],"replies":[{"embeddable":true,"href":"https:\/\/www.bjoly.fr\/index.php\/wp-json\/wp\/v2\/comments?post=140"}],"version-history":[{"count":8,"href":"https:\/\/www.bjoly.fr\/index.php\/wp-json\/wp\/v2\/pages\/140\/revisions"}],"predecessor-version":[{"id":401,"href":"https:\/\/www.bjoly.fr\/index.php\/wp-json\/wp\/v2\/pages\/140\/revisions\/401"}],"wp:attachment":[{"href":"https:\/\/www.bjoly.fr\/index.php\/wp-json\/wp\/v2\/media?parent=140"}],"curies":[{"name":"wp","href":"https:\/\/api.w.org\/{rel}","templated":true}]}}