{"id":144,"date":"2020-03-21T20:36:23","date_gmt":"2020-03-21T19:36:23","guid":{"rendered":"https:\/\/www.bjoly.fr\/?page_id=144"},"modified":"2020-04-09T14:17:14","modified_gmt":"2020-04-09T12:17:14","slug":"les-inquietudes","status":"publish","type":"page","link":"https:\/\/www.bjoly.fr\/index.php\/les-inquietudes\/","title":{"rendered":"Les inqui\u00e9tudes"},"content":{"rendered":"<p>Le monde n&rsquo;est fait que d&rsquo;inqui\u00e9tudes. La vie actuelle vous entraine r\u00e9guli\u00e8rement\u00a0 dans celles-ci.<\/p>\n<p>La sant\u00e9, l&rsquo;argent,\u00a0 les retards, les trajets, le travail, les projets, les conflits,\u00a0 l&rsquo;avenir, les informations\u00a0 provoquent\u00a0 les\u00a0 inqui\u00e9tudes.\u00a0 Elles sont l\u00e0 tout au long de vos journ\u00e9es, \u00e0 travers les mots, les regards, les messages,\u00a0 les actes.\u00a0 Elles vous emm\u00e8nent dans des r\u00e9flexions n\u00e9gatives; elles sont sournoises, m\u00eame si on essaye de se rassurer, elles reviennent au galop dans la t\u00eate , il est impossible de s&rsquo;en d\u00e9faire.<\/p>\n<ul>\n<li>Le sommeil impossible \u00e0 trouver.<\/li>\n<li>Tourner en rond, s&rsquo;occuper pour oublier.<\/li>\n<li>Manger pour avoir la sensation d&rsquo;apaisement.<\/li>\n<li>D\u00e9verser sur l&rsquo;entourage pour s&rsquo;en d\u00e9barrasser.<\/li>\n<li>Consulter les appels du t\u00e9l\u00e9phone pour se rassurer<\/li>\n<\/ul>\n<p>Les inqui\u00e9tudes sont l\u00e0, elles nous m\u00e8nent, elles nous embarquent dans des r\u00e9actions que nous ne souhaitons pas.<\/p>\n<p>Je peux vous aider \u00e0 les cerner, \u00e0 comprendre leurs fondements, \u00e0 les d\u00e9manteler pour obtenir le calme int\u00e9rieur et une attitude positive.<\/p>\n<p>&nbsp;<\/p>\n<p>&nbsp;<\/p>\n<p>&nbsp;<\/p>\n","protected":false},"excerpt":{"rendered":"<p>Le monde n&rsquo;est fait que d&rsquo;inqui\u00e9tudes. La vie actuelle vous entraine r\u00e9guli\u00e8rement\u00a0 dans celles-ci. La sant\u00e9, l&rsquo;argent,\u00a0 les retards, les trajets, le travail, les projets, les conflits,\u00a0 l&rsquo;avenir, les informations\u00a0 provoquent\u00a0 les\u00a0 inqui\u00e9tudes.\u00a0 Elles sont l\u00e0 tout au long de vos journ\u00e9es, \u00e0 travers les mots, les regards, les messages,\u00a0 les actes.\u00a0 Elles vous emm\u00e8nent &hellip; <\/p>\n","protected":false},"author":2,"featured_media":0,"parent":0,"menu_order":0,"comment_status":"closed","ping_status":"closed","template":"","meta":{"footnotes":""},"class_list":["post-144","page","type-page","status-publish","hentry"],"_links":{"self":[{"href":"https:\/\/www.bjoly.fr\/index.php\/wp-json\/wp\/v2\/pages\/144","targetHints":{"allow":["GET"]}}],"collection":[{"href":"https:\/\/www.bjoly.fr\/index.php\/wp-json\/wp\/v2\/pages"}],"about":[{"href":"https:\/\/www.bjoly.fr\/index.php\/wp-json\/wp\/v2\/types\/page"}],"author":[{"embeddable":true,"href":"https:\/\/www.bjoly.fr\/index.php\/wp-json\/wp\/v2\/users\/2"}],"replies":[{"embeddable":true,"href":"https:\/\/www.bjoly.fr\/index.php\/wp-json\/wp\/v2\/comments?post=144"}],"version-history":[{"count":8,"href":"https:\/\/www.bjoly.fr\/index.php\/wp-json\/wp\/v2\/pages\/144\/revisions"}],"predecessor-version":[{"id":398,"href":"https:\/\/www.bjoly.fr\/index.php\/wp-json\/wp\/v2\/pages\/144\/revisions\/398"}],"wp:attachment":[{"href":"https:\/\/www.bjoly.fr\/index.php\/wp-json\/wp\/v2\/media?parent=144"}],"curies":[{"name":"wp","href":"https:\/\/api.w.org\/{rel}","templated":true}]}}