{"id":146,"date":"2020-03-21T19:20:29","date_gmt":"2020-03-21T18:20:29","guid":{"rendered":"https:\/\/www.bjoly.fr\/?page_id=146"},"modified":"2020-04-09T14:21:41","modified_gmt":"2020-04-09T12:21:41","slug":"les-douleurs","status":"publish","type":"page","link":"https:\/\/www.bjoly.fr\/index.php\/les-douleurs\/","title":{"rendered":"Les douleurs"},"content":{"rendered":"<p>Les douleurs, personne n&rsquo;en veut et tout le monde les occulte.\u00a0Mais vous n&rsquo;arrivez pas \u00e0 les \u00e9viter, qu&rsquo;elles soient physiques, psychologiques ou voire m\u00eame inconscientes.\u00a0Elles sont bien pr\u00e9sentes en chacun de vous.<\/p>\n<p>G\u00e9n\u00e9ralement, la m\u00e9decine allopathique intervient pour les douleurs physiques et psychologiques. Mais qui peut comprendre ces douleurs inconscientes ou inexplicables ?<\/p>\n<p>On ne les voit pas, elles sont sous-jacentes, voire en pleine action. Elles sont si profondes en vous que de les d\u00e9crire ou mettre des mots ne suffisent pas.<\/p>\n<p>Je poss\u00e8de la facult\u00e9 de d\u00e9celer ces douleurs inconscientes pour vous aider \u00e0 retrouver le bien-\u00eatre en vous, par la gu\u00e9rison.<\/p>\n<p>&nbsp;<\/p>\n","protected":false},"excerpt":{"rendered":"<p>Les douleurs, personne n&rsquo;en veut et tout le monde les occulte.\u00a0Mais vous n&rsquo;arrivez pas \u00e0 les \u00e9viter, qu&rsquo;elles soient physiques, psychologiques ou voire m\u00eame inconscientes.\u00a0Elles sont bien pr\u00e9sentes en chacun de vous. G\u00e9n\u00e9ralement, la m\u00e9decine allopathique intervient pour les douleurs physiques et psychologiques. Mais qui peut comprendre ces douleurs inconscientes ou inexplicables ? On ne &hellip; <\/p>\n","protected":false},"author":2,"featured_media":0,"parent":0,"menu_order":0,"comment_status":"closed","ping_status":"closed","template":"","meta":{"footnotes":""},"class_list":["post-146","page","type-page","status-publish","hentry"],"_links":{"self":[{"href":"https:\/\/www.bjoly.fr\/index.php\/wp-json\/wp\/v2\/pages\/146","targetHints":{"allow":["GET"]}}],"collection":[{"href":"https:\/\/www.bjoly.fr\/index.php\/wp-json\/wp\/v2\/pages"}],"about":[{"href":"https:\/\/www.bjoly.fr\/index.php\/wp-json\/wp\/v2\/types\/page"}],"author":[{"embeddable":true,"href":"https:\/\/www.bjoly.fr\/index.php\/wp-json\/wp\/v2\/users\/2"}],"replies":[{"embeddable":true,"href":"https:\/\/www.bjoly.fr\/index.php\/wp-json\/wp\/v2\/comments?post=146"}],"version-history":[{"count":11,"href":"https:\/\/www.bjoly.fr\/index.php\/wp-json\/wp\/v2\/pages\/146\/revisions"}],"predecessor-version":[{"id":399,"href":"https:\/\/www.bjoly.fr\/index.php\/wp-json\/wp\/v2\/pages\/146\/revisions\/399"}],"wp:attachment":[{"href":"https:\/\/www.bjoly.fr\/index.php\/wp-json\/wp\/v2\/media?parent=146"}],"curies":[{"name":"wp","href":"https:\/\/api.w.org\/{rel}","templated":true}]}}