{"id":148,"date":"2020-03-21T20:47:26","date_gmt":"2020-03-21T19:47:26","guid":{"rendered":"https:\/\/www.bjoly.fr\/?page_id=148"},"modified":"2020-04-07T19:09:26","modified_gmt":"2020-04-07T17:09:26","slug":"les-troubles-de-la-vie","status":"publish","type":"page","link":"https:\/\/www.bjoly.fr\/index.php\/les-troubles-de-la-vie\/","title":{"rendered":"Les troubles de la vie"},"content":{"rendered":"<p>Que comprendre dans vos troubles de la vie, je pense que la plupart des personnes sont encombr\u00e9es par leurs difficult\u00e9s \u00e9motionnelles qui se traduisent par :<\/p>\n<ul>\n<li>Les troubles du sommeil<\/li>\n<li>les troubles alimentaires .<\/li>\n<li>Les troubles sexuels<\/li>\n<li>Les troubles du langage<\/li>\n<li>Les troubles comportementaux occasionn\u00e9s par la soci\u00e9t\u00e9, le travail, la famille, etc&#8230;<\/li>\n<\/ul>\n<p>Ce ne sont pas des fatalit\u00e9s, ni un \u00e9tat d&rsquo;\u00eatre. Je peux vous aider \u00e0 trouver l&rsquo;origine de ce ou ces troubles et vous lib\u00e9rer d\u00e9finitivement de ces incommodit\u00e9s afin que vous retrouviez un confort de vie.<\/p>\n<p>&nbsp;<\/p>\n","protected":false},"excerpt":{"rendered":"<p>Que comprendre dans vos troubles de la vie, je pense que la plupart des personnes sont encombr\u00e9es par leurs difficult\u00e9s \u00e9motionnelles qui se traduisent par : Les troubles du sommeil les troubles alimentaires . Les troubles sexuels Les troubles du langage Les troubles comportementaux occasionn\u00e9s par la soci\u00e9t\u00e9, le travail, la famille, etc&#8230; Ce ne &hellip; <\/p>\n","protected":false},"author":2,"featured_media":0,"parent":0,"menu_order":0,"comment_status":"closed","ping_status":"closed","template":"","meta":{"footnotes":""},"class_list":["post-148","page","type-page","status-publish","hentry"],"_links":{"self":[{"href":"https:\/\/www.bjoly.fr\/index.php\/wp-json\/wp\/v2\/pages\/148","targetHints":{"allow":["GET"]}}],"collection":[{"href":"https:\/\/www.bjoly.fr\/index.php\/wp-json\/wp\/v2\/pages"}],"about":[{"href":"https:\/\/www.bjoly.fr\/index.php\/wp-json\/wp\/v2\/types\/page"}],"author":[{"embeddable":true,"href":"https:\/\/www.bjoly.fr\/index.php\/wp-json\/wp\/v2\/users\/2"}],"replies":[{"embeddable":true,"href":"https:\/\/www.bjoly.fr\/index.php\/wp-json\/wp\/v2\/comments?post=148"}],"version-history":[{"count":7,"href":"https:\/\/www.bjoly.fr\/index.php\/wp-json\/wp\/v2\/pages\/148\/revisions"}],"predecessor-version":[{"id":378,"href":"https:\/\/www.bjoly.fr\/index.php\/wp-json\/wp\/v2\/pages\/148\/revisions\/378"}],"wp:attachment":[{"href":"https:\/\/www.bjoly.fr\/index.php\/wp-json\/wp\/v2\/media?parent=148"}],"curies":[{"name":"wp","href":"https:\/\/api.w.org\/{rel}","templated":true}]}}