{"id":160,"date":"2020-03-24T22:04:37","date_gmt":"2020-03-24T21:04:37","guid":{"rendered":"https:\/\/www.bjoly.fr\/?page_id=160"},"modified":"2020-05-01T15:11:50","modified_gmt":"2020-05-01T13:11:50","slug":"la-colere-entraine-la-haine","status":"publish","type":"page","link":"https:\/\/www.bjoly.fr\/index.php\/la-colere-entraine-la-haine\/","title":{"rendered":"Les col\u00e8res entrainent la Haine"},"content":{"rendered":"<p>L&rsquo;incomp\u00e9tence, les injustices, les trahisons, les mensonges, etc&#8230;; toutes ces actions provoquent la col\u00e8re\u00a0 exprim\u00e9e ou non.<\/p>\n<p>Cette col\u00e8re arrive comme un feu si puissant et ardent \u00e0 l&rsquo;int\u00e9rieur de votre corps, qu&rsquo;elle entra\u00eene des paroles et des actes violents, non d\u00e9sir\u00e9s. Elle domine compl\u00e8tement la situation du moment et elle s\u00e8me le chaos, le d\u00e9sordre et le chamboulement autour de vous et en vous, puis elle finit par se calmer.<\/p>\n<p>Mais il suffit de pas grand chose pour qu&rsquo;une mauvaise action r\u00e9veille \u00e0 nouveau cette col\u00e8re. Voil\u00e0 qu&rsquo;elle est repartie,\u00a0 des r\u00e9p\u00e9titions sans cesse d&rsquo;all\u00e9es et venues. Pour qu&rsquo;un\u00a0 jour survienne la Haine , elle est pire et ne pardonne rien , elle installe la \u00ab\u00a0ranc\u0153ur\u00a0\u00bb\u00a0 dans le c\u0153ur pour ne plus repartir. Elle donne la conduite \u00e0 tenir \u00e0 chaque parole et \u00e0 chaque d\u00e9cision de la vie. La Haine est aux antipodes de l&rsquo;Amour.<\/p>\n<p>Le choix doit \u00eatre fait pour ne pas subir : \u00ab\u00a0accepter cette Haine ou choisir l&rsquo;Amour\u00a0\u00bb.<\/p>\n<p>Si vous choisissez l&rsquo;amour, alors je peux vous aider \u00e0 vous d\u00e9barrasser de cette col\u00e8re ou de cette haine en les rempla\u00e7ant par l&rsquo;AMOUR.<\/p>\n<p>&nbsp;<\/p>\n<p>&nbsp;<\/p>\n<p>&nbsp;<\/p>\n","protected":false},"excerpt":{"rendered":"<p>L&rsquo;incomp\u00e9tence, les injustices, les trahisons, les mensonges, etc&#8230;; toutes ces actions provoquent la col\u00e8re\u00a0 exprim\u00e9e ou non. Cette col\u00e8re arrive comme un feu si puissant et ardent \u00e0 l&rsquo;int\u00e9rieur de votre corps, qu&rsquo;elle entra\u00eene des paroles et des actes violents, non d\u00e9sir\u00e9s. Elle domine compl\u00e8tement la situation du moment et elle s\u00e8me le chaos, le &hellip; <\/p>\n","protected":false},"author":2,"featured_media":0,"parent":0,"menu_order":0,"comment_status":"closed","ping_status":"closed","template":"","meta":{"footnotes":""},"class_list":["post-160","page","type-page","status-publish","hentry"],"_links":{"self":[{"href":"https:\/\/www.bjoly.fr\/index.php\/wp-json\/wp\/v2\/pages\/160","targetHints":{"allow":["GET"]}}],"collection":[{"href":"https:\/\/www.bjoly.fr\/index.php\/wp-json\/wp\/v2\/pages"}],"about":[{"href":"https:\/\/www.bjoly.fr\/index.php\/wp-json\/wp\/v2\/types\/page"}],"author":[{"embeddable":true,"href":"https:\/\/www.bjoly.fr\/index.php\/wp-json\/wp\/v2\/users\/2"}],"replies":[{"embeddable":true,"href":"https:\/\/www.bjoly.fr\/index.php\/wp-json\/wp\/v2\/comments?post=160"}],"version-history":[{"count":19,"href":"https:\/\/www.bjoly.fr\/index.php\/wp-json\/wp\/v2\/pages\/160\/revisions"}],"predecessor-version":[{"id":529,"href":"https:\/\/www.bjoly.fr\/index.php\/wp-json\/wp\/v2\/pages\/160\/revisions\/529"}],"wp:attachment":[{"href":"https:\/\/www.bjoly.fr\/index.php\/wp-json\/wp\/v2\/media?parent=160"}],"curies":[{"name":"wp","href":"https:\/\/api.w.org\/{rel}","templated":true}]}}