{"id":189,"date":"2020-03-24T22:24:13","date_gmt":"2020-03-24T21:24:13","guid":{"rendered":"https:\/\/www.bjoly.fr\/?page_id=189"},"modified":"2020-04-09T13:59:19","modified_gmt":"2020-04-09T11:59:19","slug":"les-peurs-et-les-terreurs-incitent-la-panique","status":"publish","type":"page","link":"https:\/\/www.bjoly.fr\/index.php\/les-peurs-et-les-terreurs-incitent-la-panique\/","title":{"rendered":"Les peurs et les terreurs incitent \u00e0 la panique"},"content":{"rendered":"<p>Tout le monde adore se faire peur.<\/p>\n<p>Qui n&rsquo;a pas, un jour, dans sa vie voulu surprendre l&rsquo;autre pour lui faire peur ?<\/p>\n<p>Ou bien qui ne s&rsquo;est pas occasionn\u00e9 des sensations de peur ?<\/p>\n<p>Ces peurs sont b\u00e9nignes et occasionnelles. Je veux vous parler des peurs non r\u00e9elles mais si pr\u00e9sentes au fond de chacun, ces peurs ou terreurs qui sont visc\u00e9rales et insurmontables.<\/p>\n<p>La mort, la maladie, l&rsquo;amour, engendrent des peurs ou des terreurs, si bien que le rejet est la seule solution pour ne pas vivre, ressentir ses \u00e9motions fortes mais malheureusement le rejet entraine une fuite, courir n&rsquo;importe o\u00f9, courir plus vite sans se retourner ;\u00a0 &#8230;. et la panique est l\u00e0 !!! Tel un lapin qui d\u00e9talle devant son chasseur, les jambes galopent mais la t\u00eate ne r\u00e9fl\u00e9chit plus et la panique s&rsquo;installe \u00e0 la place de la s\u00e9r\u00e9nit\u00e9.<\/p>\n<p>Une fois cette panique install\u00e9e, vous \u00eates aux aguets, en alerte et au moindre signe vous cavalez\u00a0 \u00e0 nouveau.<\/p>\n<p>Si vous vous voulez cesser de fuir,\u00a0 je peux vous aider \u00e0 trouver les raisons de vos peurs et de vos terreurs, ce qui vous permettra de revivre en paix.<\/p>\n<p>&nbsp;<\/p>\n","protected":false},"excerpt":{"rendered":"<p>Tout le monde adore se faire peur. Qui n&rsquo;a pas, un jour, dans sa vie voulu surprendre l&rsquo;autre pour lui faire peur ? Ou bien qui ne s&rsquo;est pas occasionn\u00e9 des sensations de peur ? Ces peurs sont b\u00e9nignes et occasionnelles. Je veux vous parler des peurs non r\u00e9elles mais si pr\u00e9sentes au fond de &hellip; <\/p>\n","protected":false},"author":2,"featured_media":0,"parent":0,"menu_order":0,"comment_status":"closed","ping_status":"closed","template":"","meta":{"footnotes":""},"class_list":["post-189","page","type-page","status-publish","hentry"],"_links":{"self":[{"href":"https:\/\/www.bjoly.fr\/index.php\/wp-json\/wp\/v2\/pages\/189","targetHints":{"allow":["GET"]}}],"collection":[{"href":"https:\/\/www.bjoly.fr\/index.php\/wp-json\/wp\/v2\/pages"}],"about":[{"href":"https:\/\/www.bjoly.fr\/index.php\/wp-json\/wp\/v2\/types\/page"}],"author":[{"embeddable":true,"href":"https:\/\/www.bjoly.fr\/index.php\/wp-json\/wp\/v2\/users\/2"}],"replies":[{"embeddable":true,"href":"https:\/\/www.bjoly.fr\/index.php\/wp-json\/wp\/v2\/comments?post=189"}],"version-history":[{"count":10,"href":"https:\/\/www.bjoly.fr\/index.php\/wp-json\/wp\/v2\/pages\/189\/revisions"}],"predecessor-version":[{"id":393,"href":"https:\/\/www.bjoly.fr\/index.php\/wp-json\/wp\/v2\/pages\/189\/revisions\/393"}],"wp:attachment":[{"href":"https:\/\/www.bjoly.fr\/index.php\/wp-json\/wp\/v2\/media?parent=189"}],"curies":[{"name":"wp","href":"https:\/\/api.w.org\/{rel}","templated":true}]}}