{"id":195,"date":"2020-03-24T22:28:08","date_gmt":"2020-03-24T21:28:08","guid":{"rendered":"https:\/\/www.bjoly.fr\/?page_id=195"},"modified":"2020-04-09T14:04:59","modified_gmt":"2020-04-09T12:04:59","slug":"les-tristesses-et-les-chagrins-qui-vous-emmenent-dans-la-depression","status":"publish","type":"page","link":"https:\/\/www.bjoly.fr\/index.php\/les-tristesses-et-les-chagrins-qui-vous-emmenent-dans-la-depression\/","title":{"rendered":"Les tristesses et les chagrins qui vous emmenent dans la d\u00e9pression"},"content":{"rendered":"<p>Un sujet que vous connaissez tous tr\u00e8s bien : \u00ab\u00a0La vie est un long fleuve tranquille\u00a0\u00bb. Tout au moins, c&rsquo;est ce que l&rsquo;on croit mais la r\u00e9alit\u00e9 est toute autre. Elle apporte ses flots de tristesse et de chagrin durant toute votre vie.<\/p>\n<p>D\u00e8s la petite enfance, ces \u00e9motions s&rsquo;expriment naturellement par des pleurs et des cris. Mais, avec l&rsquo;\u00e2ge,\u00a0 elles vont malheureusement s&rsquo;estomper par pudeur et parfois elles vont se lib\u00e9rer suite \u00e0 des \u00e9v\u00e8nements dramatiques auxquels vous \u00eates confront\u00e9s.<\/p>\n<p>La perte d&rsquo;un \u00eatre cher, la s\u00e9paration, le manque, la douleur, l&rsquo;angoisse toute ces situations et ces \u00e9motions entrainent la tristesse, le chagrin , dans une spirale descendante pour vous enfoncer dans les m\u00e9andres de la n\u00e9gation et toucher le fond, \u00ab\u00a0dans le hall de la d\u00e9pression\u00a0\u00bb. Une fois dans cette pi\u00e8ce sombre, vous \u00eates seul(e) sans fen\u00eatre, sans escalier, sans issue, assis(e) par terre, en larmes.<\/p>\n<p>Pour pouvoir vous en sortir, il n&rsquo;y a pas d&rsquo;autre alternative que de raviver cette flamme, cette lueur d&rsquo;espoir que vous avez en vous.<\/p>\n<p>Je peux vous aider \u00e0 faire renaitre cette lumi\u00e8re qui vous \u00e9clairera et vous incitera\u00a0 \u00e0 vous sortir de cette d\u00e9pression et d&rsquo;avancer \u00e0 nouveau dans votre vie.<\/p>\n<p>&nbsp;<\/p>\n<p>&nbsp;<\/p>\n<p>&nbsp;<\/p>\n<p>&nbsp;<\/p>\n<p>&nbsp;<\/p>\n","protected":false},"excerpt":{"rendered":"<p>Un sujet que vous connaissez tous tr\u00e8s bien : \u00ab\u00a0La vie est un long fleuve tranquille\u00a0\u00bb. Tout au moins, c&rsquo;est ce que l&rsquo;on croit mais la r\u00e9alit\u00e9 est toute autre. Elle apporte ses flots de tristesse et de chagrin durant toute votre vie. D\u00e8s la petite enfance, ces \u00e9motions s&rsquo;expriment naturellement par des pleurs et &hellip; <\/p>\n","protected":false},"author":2,"featured_media":0,"parent":0,"menu_order":0,"comment_status":"closed","ping_status":"closed","template":"","meta":{"footnotes":""},"class_list":["post-195","page","type-page","status-publish","hentry"],"_links":{"self":[{"href":"https:\/\/www.bjoly.fr\/index.php\/wp-json\/wp\/v2\/pages\/195","targetHints":{"allow":["GET"]}}],"collection":[{"href":"https:\/\/www.bjoly.fr\/index.php\/wp-json\/wp\/v2\/pages"}],"about":[{"href":"https:\/\/www.bjoly.fr\/index.php\/wp-json\/wp\/v2\/types\/page"}],"author":[{"embeddable":true,"href":"https:\/\/www.bjoly.fr\/index.php\/wp-json\/wp\/v2\/users\/2"}],"replies":[{"embeddable":true,"href":"https:\/\/www.bjoly.fr\/index.php\/wp-json\/wp\/v2\/comments?post=195"}],"version-history":[{"count":9,"href":"https:\/\/www.bjoly.fr\/index.php\/wp-json\/wp\/v2\/pages\/195\/revisions"}],"predecessor-version":[{"id":394,"href":"https:\/\/www.bjoly.fr\/index.php\/wp-json\/wp\/v2\/pages\/195\/revisions\/394"}],"wp:attachment":[{"href":"https:\/\/www.bjoly.fr\/index.php\/wp-json\/wp\/v2\/media?parent=195"}],"curies":[{"name":"wp","href":"https:\/\/api.w.org\/{rel}","templated":true}]}}