{"id":242,"date":"2020-03-30T15:14:21","date_gmt":"2020-03-30T13:14:21","guid":{"rendered":"https:\/\/www.bjoly.fr\/?page_id=242"},"modified":"2024-02-25T11:45:03","modified_gmt":"2024-02-25T10:45:03","slug":"deroulement-dune-seance","status":"publish","type":"page","link":"https:\/\/www.bjoly.fr\/index.php\/deroulement-dune-seance\/","title":{"rendered":"D\u00e9roulement d\u2019une s\u00e9ance"},"content":{"rendered":"<p><u><b>Je vous propose plusieurs possibilit\u00e9s <\/b><\/u>:<\/p>\n<ul>\n<li>Soins \u00e0 mon cabinet situ\u00e9 au<strong> 427 Route de Montrigon \u00e0 BOURG SAINT MAURICE (73700),<\/strong><\/li>\n<li>Soins\u00a0 par t\u00e9l\u00e9phone, en visio sur les applications WhatsApp ou Messenger,<\/li>\n<li>Soins \u00e0 Domicile<\/li>\n<\/ul>\n<p>Toute les s\u00e9ances ( cabinet et \u00e0 distance ) se font uniquement sur rendez vous t\u00e9l\u00e9phonique ou sur le site internet.<\/p>\n<p>A mon cabinet, la personne est habill\u00e9e et assise confortablement dans un fauteuil durant la s\u00e9ance.<\/p>\n<p>Le nombre de s\u00e9ance est d\u00e9fini selon les besoins de chacun.<\/p>\n<p><u><b>Ouvertures\u00a0<\/b><\/u>:<\/p>\n<ul>\n<li>Du lundi au samedi<\/li>\n<li>de 09h00 \u00e0 18h00<\/li>\n<li>Dimanche et jours f\u00e9ri\u00e9s ferm\u00e9s (sauf urgences)<\/li>\n<\/ul>\n<p><u><b>tarifs <\/b><\/u>:<\/p>\n<ul>\n<li>Adultes et plus de 15 ans :\n<ul>\n<li>S\u00e9ance 1 heure 30\u00a0: 70 euros<\/li>\n<li>S\u00e9ance 2 heures : 80 euros<\/li>\n<\/ul>\n<\/li>\n<\/ul>\n<ul>\n<li>adolescents et enfants de moins de\u00a0 15 ans :\n<ul>\n<li>S\u00e9ance 1 heure\u00a0 : 55 euros<\/li>\n<\/ul>\n<\/li>\n<\/ul>\n<ul>\n<li>Enfants moins de 10 ans :\n<ul>\n<li>S\u00e9ance 45\u00a0 minutes\u00a0 : 45 euros<\/li>\n<\/ul>\n<\/li>\n<li>Forfaits adultes (s\u00e9ance 1h30)\n<ul>\n<li>3 s\u00e9ances : 180 euros<\/li>\n<li>6 s\u00e9ances : 300 euros<\/li>\n<\/ul>\n<\/li>\n<\/ul>\n<ul>\n<li>Forfait famille :\n<ul>\n<li>12 s\u00e9ances : 540 euros<\/li>\n<\/ul>\n<\/li>\n<li>Forfait Conf\u00e9rences entreprises, associations et autres : sur devis<\/li>\n<\/ul>\n<p><u><b>Modalit\u00e9s de paiement :\u00a0<\/b><\/u><\/p>\n<ul>\n<li>En esp\u00e8ces,<\/li>\n<li>\u00a0En ch\u00e8ques<\/li>\n<li>virement bancaire<\/li>\n<\/ul>\n<p>&nbsp;<\/p>\n","protected":false},"excerpt":{"rendered":"<p>Je vous propose plusieurs possibilit\u00e9s : Soins \u00e0 mon cabinet situ\u00e9 au 427 Route de Montrigon \u00e0 BOURG SAINT MAURICE (73700), Soins\u00a0 par t\u00e9l\u00e9phone, en visio sur les applications WhatsApp ou Messenger, Soins \u00e0 Domicile Toute les s\u00e9ances ( cabinet et \u00e0 distance ) se font uniquement sur rendez vous t\u00e9l\u00e9phonique ou sur le site &hellip; <\/p>\n","protected":false},"author":1,"featured_media":0,"parent":0,"menu_order":0,"comment_status":"closed","ping_status":"closed","template":"","meta":{"footnotes":""},"class_list":["post-242","page","type-page","status-publish","hentry"],"_links":{"self":[{"href":"https:\/\/www.bjoly.fr\/index.php\/wp-json\/wp\/v2\/pages\/242","targetHints":{"allow":["GET"]}}],"collection":[{"href":"https:\/\/www.bjoly.fr\/index.php\/wp-json\/wp\/v2\/pages"}],"about":[{"href":"https:\/\/www.bjoly.fr\/index.php\/wp-json\/wp\/v2\/types\/page"}],"author":[{"embeddable":true,"href":"https:\/\/www.bjoly.fr\/index.php\/wp-json\/wp\/v2\/users\/1"}],"replies":[{"embeddable":true,"href":"https:\/\/www.bjoly.fr\/index.php\/wp-json\/wp\/v2\/comments?post=242"}],"version-history":[{"count":9,"href":"https:\/\/www.bjoly.fr\/index.php\/wp-json\/wp\/v2\/pages\/242\/revisions"}],"predecessor-version":[{"id":699,"href":"https:\/\/www.bjoly.fr\/index.php\/wp-json\/wp\/v2\/pages\/242\/revisions\/699"}],"wp:attachment":[{"href":"https:\/\/www.bjoly.fr\/index.php\/wp-json\/wp\/v2\/media?parent=242"}],"curies":[{"name":"wp","href":"https:\/\/api.w.org\/{rel}","templated":true}]}}