{"id":3,"date":"2020-02-28T16:35:17","date_gmt":"2020-02-28T15:35:17","guid":{"rendered":"http:\/\/www.bjoly.fr\/?page_id=3"},"modified":"2020-03-05T11:07:37","modified_gmt":"2020-03-05T10:07:37","slug":"politique-de-confidentialite","status":"publish","type":"page","link":"https:\/\/www.bjoly.fr\/index.php\/politique-de-confidentialite\/","title":{"rendered":"Politique de confidentialit\u00e9"},"content":{"rendered":"\r\n<p>Le site que vous consultez actuellement est la propri\u00e9t\u00e9 de :<\/p>\r\n<p><strong>Betty Joly<\/strong><\/p>\r\n<p>73700 Bourg St Maurice<br \/><strong>T\u00e9l : 06 82 38 57 24<\/strong><br \/><strong>Mail :\u00a0<\/strong><\/p>\r\n<p>1- H\u00e9bergement du site<\/p>\r\n<p>Ce site est h\u00e9berg\u00e9 par :<\/p>\r\n<p>OVH<br \/>SAS au capital de 10\u00a0059\u00a0500\u00a0\u20ac<br \/>RCS Lille M\u00e9tropole 424 761 419 00045<br \/>Code APE 6202A<br \/>N\u00b0 TVA : FR 22 424 761 419<br \/>Si\u00e8ge social : 2 rue Kellermann \u2013 59100 Roubaix \u2013 France.<\/p>\r\n<p>2- Cr\u00e9ation \u2013 d\u00e9veloppement du site<\/p>\r\n<p>Conception \u2013 r\u00e9alisation et d\u00e9veloppement : Bety Joly<\/p>\r\n<p>3- Informatique et libert\u00e9s (CNIL)<\/p>\r\n<p>Conform\u00e9ment \u00e0 la loi informatique et libert\u00e9s du 6 janvier 1978, nous vous informons que vous disposez d\u2019un droit d\u2019acc\u00e8s, de modification, de rectification et de suppression de vos donn\u00e9es.<\/p>\r\n<p>Les informations recueillies aupr\u00e8s des personnes par le biais du formulaire de contact ne sauraient \u00eatre divulgu\u00e9es \u00e0 des personnes autres que celles composant notre groupe. Toutefois, tel que l\u2019exige la loi informatique et libert\u00e9s nous vous informons que vos r\u00e9ponses sont facultatives et que le d\u00e9faut de r\u00e9ponse n\u2019entra\u00eenera aucune cons\u00e9quence particuli\u00e8re. N\u00e9anmoins, vos r\u00e9ponses doivent \u00eatre suffisantes pour nous permettre de traiter l\u2019information.<\/p>\r\n<p>Dans le cadre de la R\u00e9glementation G\u00e9n\u00e9rale sur la Protection des Donn\u00e9es (RGPD) du 25 mai 2018, nous sommes dans l\u2019obligation de vous demander explicitement l\u2019autorisation d\u2019utiliser vos donn\u00e9es afin de traiter votre commande.<br \/>Aucune donn\u00e9e du formulaire de contact n\u2019est stock\u00e9e sur nos serveurs, elles sont automatiquement et uniquement envoy\u00e9es par mail. Pour modifier ou supprimer ces donn\u00e9es, vous pouvez nous contacter par mail, par t\u00e9l\u00e9phone ou par courrier.<\/p>\r\n<p>3.1- Cookies<\/p>\r\n<p>Nous souhaitons implanter un cookie dans votre ordinateur. Un cookie ne nous permet pas de vous identifier. De mani\u00e8re g\u00e9n\u00e9rale, il enregistre des informations relatives \u00e0 la navigation de votre ordinateur sur notre site (les pages que vous avez consult\u00e9es, la date et l\u2019heure de la consultation, etc.) que nous pourrons lire lors de vos visites ult\u00e9rieures. En l\u2019esp\u00e8ce, il contient les informations que vous venez de nous fournir. Ainsi, vous n\u2019aurez pas besoin, lors de votre prochaine visite, de remplir \u00e0 nouveau le formulaire que nous vous avons propos\u00e9.<\/p>\r\n<p>En poursuivant votre navigation sur ce site, vous acceptez notre politique de confidentialit\u00e9 et l\u2019utilisation de cookies pour vous proposer des contenus et services adapt\u00e9s \u00e0 vos centres d\u2019int\u00e9r\u00eat, et vous permettre l\u2019utilisation de boutons de partages sociaux.<\/p>\r\n<p>En savoir plus et g\u00e9rer ces param\u00e8tres :<\/p>\r\n<p>Nous vous informons que vous pouvez vous opposer \u00e0 l\u2019enregistrement de \u00ab cookies \u00bb en configurant votre navigateur de la mani\u00e8re suivante :<\/p>\r\n<p>\u2013 Pour Mozilla Firefox :<br \/>Choisissez le menu \u00ab outil \u00bb puis \u00ab Options \u00bb<br \/>Cliquez sur l\u2019ic\u00f4ne \u00ab vie priv\u00e9e \u00bb<br \/>Rep\u00e9rez le menu \u00ab cookie \u00bb et s\u00e9lectionnez les options qui vous conviennent<\/p>\r\n<p>\u2013 Pour Google Chrome :<br \/>Dans le menu en\u00a0 haut a droite, choisissez \u00ab Param\u00e8tres \u00bb<br \/>Cliquez sur\u00a0\u00ab Afficher les param\u00e8tres avanc\u00e9s\u2026 \u00bb puis sur \u00ab Param\u00e8tres de contenu \u00bb dans la partie \u00ab Confidentialit\u00e9 \u00bb<br \/>Rep\u00e9rez la partie \u00ab cookies \u00bb et s\u00e9lectionnez les options qui vous conviennent<\/p>\r\n<p>\u2013 Pour Microsoft Edge :<br \/>Dans le menu en\u00a0 haut a droite, choisissez \u00ab Param\u00e8tres \u00bb puis cliquez sur le bouton \u00ab Afficher les param\u00e8tres avanc\u00e9s \u00bb<br \/>Rep\u00e9rez le menu d\u00e9roulant \u00ab cookies \u00bb et s\u00e9lectionnez le niveau souhait\u00e9<\/p>\r\n<p>\u2013 Pour Microsoft Internet Explorer 6.0 :<br \/>choisissez le menu \u00ab Outils \u00bb (ou \u00ab Tools \u00bb), puis \u00ab Options Internet \u00bb (ou \u00ab Internet Options \u00bb).<br \/>cliquez sur l\u2019onglet \u00ab Confidentialit\u00e9 \u00bb (ou \u00ab Confidentiality \u00bb)<br \/>s\u00e9lectionnez le niveau souhait\u00e9 \u00e0 l\u2019aide du curseur.<\/p>\r\n<p>\u2013 Pour Microsoft Internet Explorer 5 :<br \/>choisissez le menu \u00ab Outils \u00bb (ou \u00ab Tools \u00bb), puis \u00ab Options Internet \u00bb (ou \u00ab Internet Options \u00bb).<br \/>cliquez sur l\u2019onglet \u00ab Confidentialit\u00e9 \u00bb<br \/>Personnaliser le niveau \u00bb \u00e0 l\u2019aide du curseur<\/p>\r\n<p>\u2013 Pour Netscape 6.X et 7. X<br \/>choisissez le menu \u00ab Edition \u00bb&gt; \u00bbPr\u00e9f\u00e9rences \u00bb<br \/>Confidentialit\u00e9 et S\u00e9curit\u00e9<\/p>\r\n<p>\u2013 Pour Op\u00e9ra 6.0 et au-del\u00e0 :<br \/>choisissez le menu \u00ab Fichier \u00bb&gt; \u00bbPr\u00e9f\u00e9rences \u00bb<br \/>Vie Priv\u00e9e<\/p>\r\n<p>3.2 \u2013 Traitement des Donn\u00e9es Personnelles<\/p>\r\n<p>Nous sommes les seuls propri\u00e9taires des informations recueillies sur ce site. Vos informations personnelles ne seront pas vendues, \u00e9chang\u00e9es, transf\u00e9r\u00e9es, ou donn\u00e9es \u00e0 une autre soci\u00e9t\u00e9 pour n\u2019importe quel raison, sans votre consentement, en dehors de ce qui est n\u00e9cessaire pour r\u00e9pondre \u00e0 une demande et \/ ou une transaction, comme par exemple pour exp\u00e9dier une commande.<\/p>\r\n<p>3.3 \u2013 Collecte de l\u2019information<\/p>\r\n<p>Nous recueillons des informations lorsque vous vous inscrivez sur notre site, lorsque vous vous connectez \u00e0 votre compte, faites un achat, participez \u00e0 un concours, et \/ ou lorsque vous vous d\u00e9connectez. Les informations recueillies incluent votre nom, votre adresse e-mail, num\u00e9ro de t\u00e9l\u00e9phone.<\/p>\r\n<p>Nous ne collectons\u00a0aucune donn\u00e9e bancaire puisqu\u2019elles transitent sur le site internet d\u2019un tiers de confiance.<\/p>\r\n<p>En outre, nous recevons et enregistrons automatiquement des informations \u00e0 partir de votre ordinateur et navigateur, y compris votre adresse IP, vos logiciels et votre mat\u00e9riel, et la page que vous demandez.<\/p>\r\n<p>3.24 \u2013 Utilisation des informations<\/p>\r\n<p>Toute les informations que nous recueillons aupr\u00e8s de vous peuvent \u00eatre utilis\u00e9es pour :<\/p>\r\n<ul>\r\n<li>Personnaliser votre exp\u00e9rience et r\u00e9pondre \u00e0 vos besoins individuels<\/li>\r\n<li>Fournir un contenu publicitaire personnalis\u00e9<\/li>\r\n<li>Am\u00e9liorer notre site Web<\/li>\r\n<li>Am\u00e9liorer le service client et vos besoins de prise en charge<\/li>\r\n<li>Vous contacter par e-mail<\/li>\r\n<\/ul>\r\n<ul>\r\n<li>Administrer un concours, une promotion, ou un enqu\u00eate<\/li>\r\n<\/ul>\r\n<p>Si vous estimez, apr\u00e8s nous avoir contact\u00e9s, que vos droits \u00ab Informatique et Libert\u00e9s \u00bb ne sont pas respect\u00e9s, vous pouvez adresser une r\u00e9clamation \u00e0 la CNIL.<\/p>\r\n<p>4 \u2013 Cr\u00e9dits photos et vid\u00e9os: <strong>Betty Joly<\/strong><\/p>\r\n<p>5 \u2013 Contact: <a href=\"https:\/\/www.bjoly.fr\/index.php\/contact\/\">Formulaire de contact<\/a> ou 06 82 38 57 24<\/p>\r\n<ul>\r\n<li>Pour nous contacter, vous pouvez le faire via\u00a0le formulaire de contact.<\/li>\r\n<\/ul>\r\n<p>6 \u2013 R\u00e8glement et Conditions d\u2019utilisation<\/p>\r\n<p>L\u2019utilisation du site internet www.bjoly.fr est r\u00e9gie par les mentions l\u00e9gales, dont les conditions g\u00e9n\u00e9rales. L\u2019utilisateur d\u00e9clare avoir pris connaissance et avoir accept\u00e9 express\u00e9ment et de mani\u00e8re inconditionnelle les mentions l\u00e9gales en vigueur au jour de l\u2019acc\u00e8s au site internet.<\/p>\r\n<p>L\u2019utilisateur s\u2019interdit dans le cadre de l\u2019utilisation du site internet (www.bjoly.fr) de se livrer \u00e0 des actes, de quelque nature que ce soit, qui seraient contraires \u00e0 la loi fran\u00e7aise ou qui porteraient atteinte \u00e0 l\u2019ordre public ou aux droits d\u2019un tiers. Tout litige sera de la comp\u00e9tence exclusive des tribunaux fran\u00e7ais et notamment trait\u00e9s dans les tribunaux les plus proches, en distance kilom\u00e9trique \u00e0 parcourir en automobile.<\/p>\r\n<p>7 \u2013 Contrefa\u00e7on<\/p>\r\n<p>Toute reproduction, utilisation ou repr\u00e9sentation du site www.bjoly.fr, en tout ou partie, \u00e0 d\u2019autres fins sur un quelconque support est interdite. Le non-respect de cette interdiction constitue une contrefa\u00e7on pouvant engager la responsabilit\u00e9 civile et p\u00e9nale du contrefacteur. Les dessins, mod\u00e8les, maquettes ou autre contenu, sont la propri\u00e9t\u00e9 de bjoly.fr.<\/p>\r\n<p>8 \u2013 Responsabilit\u00e9<\/p>\r\n<p>Nous n\u2019avons aucune obligation de moyens ni de r\u00e9sultats pour toutes les \u00e9tapes et fonctionnalit\u00e9s du site www.bjoly.fr. Notre responsabilit\u00e9 ne saurait \u00eatre engag\u00e9e pour tout inconv\u00e9nient ou dommage inh\u00e9rent \u00e0 l\u2019utilisation du r\u00e9seau internet, notamment une rupture du service, de bug, une intrusion ext\u00e9rieure ou la pr\u00e9sence de virus informatique, ou de tout fait qualifi\u00e9 de force majeure, conform\u00e9ment \u00e0 la jurisprudence.<\/p>\r\n<p>L\u2019internaute d\u00e9clare conna\u00eetre les caract\u00e9ristiques et les limites de l\u2019internet en particulier ses performances techniques, les temps de r\u00e9ponse pour consulter, interroger ou transf\u00e9rer des donn\u00e9es et les risques li\u00e9s \u00e0 la s\u00e9curit\u00e9 des communications.<\/p>\r\n<p>Nous ne garantissons pas que le site sera exempt d\u2019erreur ou d\u2019omission et nous ne garantissons pas l\u2019exactitude ni la v\u00e9racit\u00e9 des informations, textes, images et tout autre \u00e9l\u00e9ment pr\u00e9sent sur le site. Ces informations n\u2019engagent en rien notre responsabilit\u00e9 sur la qualit\u00e9 r\u00e9elle ou suppos\u00e9e des informations et des services annonc\u00e9s sur le site.<\/p>\r\n<p>Nous ne sommes pas responsables des pr\u00e9judices li\u00e9s \u00e0 l\u2019utilisation des informations, produits ou services annonc\u00e9s ou pr\u00e9sent\u00e9s sur le site.<\/p>\r\n<p>Nous nous r\u00e9servons la possibilit\u00e9 de modifier ou de supprimer les prestations propos\u00e9es par l\u2019interm\u00e9diaire du site \u00e0 tout moment sans information des utilisateurs du site.<\/p>\r\n<p>L\u2019utilisateur peut \u00eatre inform\u00e9 ou \u00eatre orient\u00e9 sur d\u2019autres sites internet. L\u2019utilisation d\u2019autres sites internet est soumise aux conditions d\u2019utilisation propres \u00e0 ces sites internet. Nous ne serons en aucun cas tenus responsables du contenu de ces sites ni de tout dommage r\u00e9sultant de l\u2019utilisation de ceux-ci.<\/p>\r\n<p>Nous d\u00e9clinons toute responsabilit\u00e9 quant \u00e0 l\u2019ensemble des contenus. Nous ne garantissons pas les informations et d\u00e9clarations erron\u00e9es ou mensong\u00e8res, de quelque nature que ce soit, que pourraient lui transmettre les utilisateurs, annonceurs ou partenaires, ni de tout dommage caus\u00e9 par l\u2019utilisation de ces informations.<\/p>\r\n","protected":false},"excerpt":{"rendered":"<p>Le site que vous consultez actuellement est la propri\u00e9t\u00e9 de : Betty Joly 73700 Bourg St MauriceT\u00e9l : 06 82 38 57 24Mail :\u00a0 1- H\u00e9bergement du site Ce site est h\u00e9berg\u00e9 par : OVHSAS au capital de 10\u00a0059\u00a0500\u00a0\u20acRCS Lille M\u00e9tropole 424 761 419 00045Code APE 6202AN\u00b0 TVA : FR 22 424 761 419Si\u00e8ge social &hellip; <\/p>\n","protected":false},"author":1,"featured_media":0,"parent":0,"menu_order":0,"comment_status":"closed","ping_status":"open","template":"","meta":{"footnotes":""},"class_list":["post-3","page","type-page","status-publish","hentry"],"_links":{"self":[{"href":"https:\/\/www.bjoly.fr\/index.php\/wp-json\/wp\/v2\/pages\/3","targetHints":{"allow":["GET"]}}],"collection":[{"href":"https:\/\/www.bjoly.fr\/index.php\/wp-json\/wp\/v2\/pages"}],"about":[{"href":"https:\/\/www.bjoly.fr\/index.php\/wp-json\/wp\/v2\/types\/page"}],"author":[{"embeddable":true,"href":"https:\/\/www.bjoly.fr\/index.php\/wp-json\/wp\/v2\/users\/1"}],"replies":[{"embeddable":true,"href":"https:\/\/www.bjoly.fr\/index.php\/wp-json\/wp\/v2\/comments?post=3"}],"version-history":[{"count":5,"href":"https:\/\/www.bjoly.fr\/index.php\/wp-json\/wp\/v2\/pages\/3\/revisions"}],"predecessor-version":[{"id":92,"href":"https:\/\/www.bjoly.fr\/index.php\/wp-json\/wp\/v2\/pages\/3\/revisions\/92"}],"wp:attachment":[{"href":"https:\/\/www.bjoly.fr\/index.php\/wp-json\/wp\/v2\/media?parent=3"}],"curies":[{"name":"wp","href":"https:\/\/api.w.org\/{rel}","templated":true}]}}