{"id":303,"date":"2020-04-01T20:33:31","date_gmt":"2020-04-01T18:33:31","guid":{"rendered":"https:\/\/www.bjoly.fr\/?page_id=303"},"modified":"2020-04-09T14:42:29","modified_gmt":"2020-04-09T12:42:29","slug":"souffrances-de-lame-presentes-et-ancestrales","status":"publish","type":"page","link":"https:\/\/www.bjoly.fr\/index.php\/souffrances-de-lame-presentes-et-ancestrales\/","title":{"rendered":"Souffrances de l\u2019\u00e2me pr\u00e9sentes et ancestrales"},"content":{"rendered":"<p>Si vous \u00eates arriv\u00e9(e) jusqu&rsquo;\u00e0 cette page,\u00a0 c&rsquo;est que vous croyez en <a href=\"https:\/\/www.bjoly.fr\/index.php\/lexistence-de-lame\/\">l&rsquo;existence de l&rsquo;\u00e2me<\/a> et de <a href=\"https:\/\/www.bjoly.fr\/index.php\/reincarnations\/\">la r\u00e9incarnation<\/a>.\u00a0 Je vais aborder directement les souffrances de l&rsquo;\u00e2me pr\u00e9sentes et ancestrales.<\/p>\n<p>L&rsquo;\u00e2me, une entit\u00e9 vivante et pr\u00e9sente dans chaque corps humain qui lui sert de v\u00e9hicule sur terre. Dans chacune de ses r\u00e9incarnations, l&rsquo;\u00e2me vit des exp\u00e9riences bonnes et mauvaises. Malheureusement, elle se souvient de toutes ses exp\u00e9riences ancestrales qui perturbent ou qui bloquent inconsciemment la vie pr\u00e9sente.<\/p>\n<p>Je suis en mesure de pouvoir faire une r\u00e9trospection dans vos vies ant\u00e9rieures pour soigner vos souffrances ancestrales afin d&rsquo;am\u00e9liorer votre vie pr\u00e9sente et vous guider vers votre destin\u00e9e.<\/p>\n","protected":false},"excerpt":{"rendered":"<p>Si vous \u00eates arriv\u00e9(e) jusqu&rsquo;\u00e0 cette page,\u00a0 c&rsquo;est que vous croyez en l&rsquo;existence de l&rsquo;\u00e2me et de la r\u00e9incarnation.\u00a0 Je vais aborder directement les souffrances de l&rsquo;\u00e2me pr\u00e9sentes et ancestrales. L&rsquo;\u00e2me, une entit\u00e9 vivante et pr\u00e9sente dans chaque corps humain qui lui sert de v\u00e9hicule sur terre. Dans chacune de ses r\u00e9incarnations, l&rsquo;\u00e2me vit des &hellip; <\/p>\n","protected":false},"author":2,"featured_media":0,"parent":0,"menu_order":0,"comment_status":"closed","ping_status":"closed","template":"","meta":{"footnotes":""},"class_list":["post-303","page","type-page","status-publish","hentry"],"_links":{"self":[{"href":"https:\/\/www.bjoly.fr\/index.php\/wp-json\/wp\/v2\/pages\/303","targetHints":{"allow":["GET"]}}],"collection":[{"href":"https:\/\/www.bjoly.fr\/index.php\/wp-json\/wp\/v2\/pages"}],"about":[{"href":"https:\/\/www.bjoly.fr\/index.php\/wp-json\/wp\/v2\/types\/page"}],"author":[{"embeddable":true,"href":"https:\/\/www.bjoly.fr\/index.php\/wp-json\/wp\/v2\/users\/2"}],"replies":[{"embeddable":true,"href":"https:\/\/www.bjoly.fr\/index.php\/wp-json\/wp\/v2\/comments?post=303"}],"version-history":[{"count":7,"href":"https:\/\/www.bjoly.fr\/index.php\/wp-json\/wp\/v2\/pages\/303\/revisions"}],"predecessor-version":[{"id":406,"href":"https:\/\/www.bjoly.fr\/index.php\/wp-json\/wp\/v2\/pages\/303\/revisions\/406"}],"wp:attachment":[{"href":"https:\/\/www.bjoly.fr\/index.php\/wp-json\/wp\/v2\/media?parent=303"}],"curies":[{"name":"wp","href":"https:\/\/api.w.org\/{rel}","templated":true}]}}