{"id":308,"date":"2020-04-01T20:56:57","date_gmt":"2020-04-01T18:56:57","guid":{"rendered":"https:\/\/www.bjoly.fr\/?page_id=308"},"modified":"2020-04-09T14:43:28","modified_gmt":"2020-04-09T12:43:28","slug":"lexistence-de-lame","status":"publish","type":"page","link":"https:\/\/www.bjoly.fr\/index.php\/lexistence-de-lame\/","title":{"rendered":"L\u2019existence de l\u2019\u00e2me"},"content":{"rendered":"<p>La vie n&rsquo;existerait pas sans \u00e2me. Elle anime chaque \u00eatre humain et chacune de ces \u00e2mes est reli\u00e9e par famille d&rsquo;\u00e2mes. Ces liens familiaux permettent \u00e0 chacune d&rsquo;elles de grandir et d&rsquo;\u00e9voluer dans l&rsquo;objectif de leur karma ou destin\u00e9e.<\/p>\n<p>Avant de se r\u00e9incarner, chaque \u00e2me choisit ses parents et sa vie sur terre dans le but de grandir et de s&rsquo;\u00e9veiller.<\/p>\n","protected":false},"excerpt":{"rendered":"<p>La vie n&rsquo;existerait pas sans \u00e2me. Elle anime chaque \u00eatre humain et chacune de ces \u00e2mes est reli\u00e9e par famille d&rsquo;\u00e2mes. Ces liens familiaux permettent \u00e0 chacune d&rsquo;elles de grandir et d&rsquo;\u00e9voluer dans l&rsquo;objectif de leur karma ou destin\u00e9e. Avant de se r\u00e9incarner, chaque \u00e2me choisit ses parents et sa vie sur terre dans le &hellip; <\/p>\n","protected":false},"author":2,"featured_media":0,"parent":0,"menu_order":0,"comment_status":"closed","ping_status":"closed","template":"","meta":{"footnotes":""},"class_list":["post-308","page","type-page","status-publish","hentry"],"_links":{"self":[{"href":"https:\/\/www.bjoly.fr\/index.php\/wp-json\/wp\/v2\/pages\/308","targetHints":{"allow":["GET"]}}],"collection":[{"href":"https:\/\/www.bjoly.fr\/index.php\/wp-json\/wp\/v2\/pages"}],"about":[{"href":"https:\/\/www.bjoly.fr\/index.php\/wp-json\/wp\/v2\/types\/page"}],"author":[{"embeddable":true,"href":"https:\/\/www.bjoly.fr\/index.php\/wp-json\/wp\/v2\/users\/2"}],"replies":[{"embeddable":true,"href":"https:\/\/www.bjoly.fr\/index.php\/wp-json\/wp\/v2\/comments?post=308"}],"version-history":[{"count":3,"href":"https:\/\/www.bjoly.fr\/index.php\/wp-json\/wp\/v2\/pages\/308\/revisions"}],"predecessor-version":[{"id":385,"href":"https:\/\/www.bjoly.fr\/index.php\/wp-json\/wp\/v2\/pages\/308\/revisions\/385"}],"wp:attachment":[{"href":"https:\/\/www.bjoly.fr\/index.php\/wp-json\/wp\/v2\/media?parent=308"}],"curies":[{"name":"wp","href":"https:\/\/api.w.org\/{rel}","templated":true}]}}