{"id":313,"date":"2020-04-01T22:11:09","date_gmt":"2020-04-01T20:11:09","guid":{"rendered":"https:\/\/www.bjoly.fr\/?page_id=313"},"modified":"2020-04-09T14:44:59","modified_gmt":"2020-04-09T12:44:59","slug":"reincarnations","status":"publish","type":"page","link":"https:\/\/www.bjoly.fr\/index.php\/reincarnations\/","title":{"rendered":"La R\u00e9incarnation"},"content":{"rendered":"<p>Depuis la nuit des temps, les \u00e2mes se r\u00e9incarnent de corps en corps. Elles d\u00e9cident des exp\u00e9riences qu&rsquo;elles veulent bien mener sur terre. Chaque \u00e2me \u00e0 sa propre destin\u00e9e mais chacune ne vas pas sans les autres. Cela veut dire que nous nous r\u00e9incarnons toujours dans la m\u00eame famille d&rsquo;\u00e2mes.<\/p>\n<p>L&rsquo;\u00e2me peut d\u00e9cider de se r\u00e9incarner quand elle le d\u00e9sire mais elle est oblig\u00e9e de revenir sur terre tant qu&rsquo;elle n&rsquo;a pas r\u00e9ussi \u00e0 atteindre la sagesse ou le nirvana.\u00a0Tout en sachant qu&rsquo;une \u00e2me doit passer obligatoirement par des \u00e9tapes de r\u00e9incarnation depuis l&rsquo;\u00e9tat min\u00e9ral, v\u00e9g\u00e9tal, animal, pour finir humain.<\/p>\n","protected":false},"excerpt":{"rendered":"<p>Depuis la nuit des temps, les \u00e2mes se r\u00e9incarnent de corps en corps. Elles d\u00e9cident des exp\u00e9riences qu&rsquo;elles veulent bien mener sur terre. Chaque \u00e2me \u00e0 sa propre destin\u00e9e mais chacune ne vas pas sans les autres. Cela veut dire que nous nous r\u00e9incarnons toujours dans la m\u00eame famille d&rsquo;\u00e2mes. L&rsquo;\u00e2me peut d\u00e9cider de se &hellip; <\/p>\n","protected":false},"author":2,"featured_media":0,"parent":0,"menu_order":0,"comment_status":"closed","ping_status":"closed","template":"","meta":{"footnotes":""},"class_list":["post-313","page","type-page","status-publish","hentry"],"_links":{"self":[{"href":"https:\/\/www.bjoly.fr\/index.php\/wp-json\/wp\/v2\/pages\/313","targetHints":{"allow":["GET"]}}],"collection":[{"href":"https:\/\/www.bjoly.fr\/index.php\/wp-json\/wp\/v2\/pages"}],"about":[{"href":"https:\/\/www.bjoly.fr\/index.php\/wp-json\/wp\/v2\/types\/page"}],"author":[{"embeddable":true,"href":"https:\/\/www.bjoly.fr\/index.php\/wp-json\/wp\/v2\/users\/2"}],"replies":[{"embeddable":true,"href":"https:\/\/www.bjoly.fr\/index.php\/wp-json\/wp\/v2\/comments?post=313"}],"version-history":[{"count":3,"href":"https:\/\/www.bjoly.fr\/index.php\/wp-json\/wp\/v2\/pages\/313\/revisions"}],"predecessor-version":[{"id":317,"href":"https:\/\/www.bjoly.fr\/index.php\/wp-json\/wp\/v2\/pages\/313\/revisions\/317"}],"wp:attachment":[{"href":"https:\/\/www.bjoly.fr\/index.php\/wp-json\/wp\/v2\/media?parent=313"}],"curies":[{"name":"wp","href":"https:\/\/api.w.org\/{rel}","templated":true}]}}