{"id":325,"date":"2020-04-02T14:12:54","date_gmt":"2020-04-02T12:12:54","guid":{"rendered":"https:\/\/www.bjoly.fr\/?page_id=325"},"modified":"2020-04-07T19:19:53","modified_gmt":"2020-04-07T17:19:53","slug":"eveil-de-soi","status":"publish","type":"page","link":"https:\/\/www.bjoly.fr\/index.php\/eveil-de-soi\/","title":{"rendered":"\u00c9veil de soi"},"content":{"rendered":"<p>Le philosophe Lao Tseu disait que \u00ab\u00a0Ne pas connaitre l&rsquo;\u00e9veil conduit \u00e0 la confusion \u00a0\u00bb<\/p>\n<p>En effet, l&rsquo;\u00eatre humain a tendance \u00e0 interpr\u00e9ter un \u00e9v\u00e8nement tel qu&rsquo;il le per\u00e7oit en lui. Si vous demandez \u00e0 dix personnes de vous d\u00e9crire une situation v\u00e9cue ou d&rsquo;apporter un t\u00e9moignage sur une personne ou un objet mise en sc\u00e8ne, vous obtiendrez\u00a0 forc\u00e9ment dix versions diff\u00e9rentes les unes des autres. L&rsquo;interpr\u00e9tation vous est propre et\u00a0 la r\u00e9sonnance qui se produit \u00e0 l&rsquo;int\u00e9rieur\u00a0 vous renvoie \u00e0 votre r\u00e9action \u00e0 laquelle vous croyez fermement. Parmi ces dix versions recueillies, o\u00f9 se trouve <a href=\"https:\/\/www.bjoly.fr\/index.php\/la-vraie-verite\/\">la vraie v\u00e9rit\u00e9<\/a> ?<\/p>\n<p>Je peux vous aider \u00e0 \u00e9liminer vos r\u00e9sonnances pour obtenir une meilleure clart\u00e9 sur les \u00e9v\u00e8nements pour enfin voir la vraie v\u00e9rit\u00e9, vous permettant ainsi d&rsquo;acqu\u00e9rir un meilleur \u00e9veil de soi.<\/p>\n<p>&nbsp;<\/p>\n","protected":false},"excerpt":{"rendered":"<p>Le philosophe Lao Tseu disait que \u00ab\u00a0Ne pas connaitre l&rsquo;\u00e9veil conduit \u00e0 la confusion \u00a0\u00bb En effet, l&rsquo;\u00eatre humain a tendance \u00e0 interpr\u00e9ter un \u00e9v\u00e8nement tel qu&rsquo;il le per\u00e7oit en lui. Si vous demandez \u00e0 dix personnes de vous d\u00e9crire une situation v\u00e9cue ou d&rsquo;apporter un t\u00e9moignage sur une personne ou un objet mise en &hellip; <\/p>\n","protected":false},"author":2,"featured_media":0,"parent":0,"menu_order":0,"comment_status":"closed","ping_status":"closed","template":"","meta":{"footnotes":""},"class_list":["post-325","page","type-page","status-publish","hentry"],"_links":{"self":[{"href":"https:\/\/www.bjoly.fr\/index.php\/wp-json\/wp\/v2\/pages\/325","targetHints":{"allow":["GET"]}}],"collection":[{"href":"https:\/\/www.bjoly.fr\/index.php\/wp-json\/wp\/v2\/pages"}],"about":[{"href":"https:\/\/www.bjoly.fr\/index.php\/wp-json\/wp\/v2\/types\/page"}],"author":[{"embeddable":true,"href":"https:\/\/www.bjoly.fr\/index.php\/wp-json\/wp\/v2\/users\/2"}],"replies":[{"embeddable":true,"href":"https:\/\/www.bjoly.fr\/index.php\/wp-json\/wp\/v2\/comments?post=325"}],"version-history":[{"count":4,"href":"https:\/\/www.bjoly.fr\/index.php\/wp-json\/wp\/v2\/pages\/325\/revisions"}],"predecessor-version":[{"id":404,"href":"https:\/\/www.bjoly.fr\/index.php\/wp-json\/wp\/v2\/pages\/325\/revisions\/404"}],"wp:attachment":[{"href":"https:\/\/www.bjoly.fr\/index.php\/wp-json\/wp\/v2\/media?parent=325"}],"curies":[{"name":"wp","href":"https:\/\/api.w.org\/{rel}","templated":true}]}}