{"id":328,"date":"2020-04-02T14:40:56","date_gmt":"2020-04-02T12:40:56","guid":{"rendered":"https:\/\/www.bjoly.fr\/?page_id=328"},"modified":"2020-04-09T14:39:39","modified_gmt":"2020-04-09T12:39:39","slug":"la-vraie-verite","status":"publish","type":"page","link":"https:\/\/www.bjoly.fr\/index.php\/la-vraie-verite\/","title":{"rendered":"La vraie v\u00e9rit\u00e9"},"content":{"rendered":"<p>La vraie v\u00e9rit\u00e9 existe. Elle est souvent maquill\u00e9e, bafou\u00e9e, trouble ou confuse ;\u00a0 mais elle existe vraiment.<\/p>\n<p>L&rsquo;\u00eatre humain ne veut pas l&rsquo;int\u00e9grer car il a peur de souffrir ou de faire souffrir. Certains ont conscience de leur parole ;\u00a0 D&rsquo;autres le font inconsciemment.<\/p>\n<p>La vraie v\u00e9rit\u00e9 ne fait pas souffrir. C&rsquo;est la mani\u00e8re dont la personne acqui\u00e8re la v\u00e9rit\u00e9 qui entraine souvent des r\u00e9actions de souffrance.<\/p>\n","protected":false},"excerpt":{"rendered":"<p>La vraie v\u00e9rit\u00e9 existe. Elle est souvent maquill\u00e9e, bafou\u00e9e, trouble ou confuse ;\u00a0 mais elle existe vraiment. L&rsquo;\u00eatre humain ne veut pas l&rsquo;int\u00e9grer car il a peur de souffrir ou de faire souffrir. Certains ont conscience de leur parole ;\u00a0 D&rsquo;autres le font inconsciemment. La vraie v\u00e9rit\u00e9 ne fait pas souffrir. C&rsquo;est la mani\u00e8re dont &hellip; <\/p>\n","protected":false},"author":2,"featured_media":0,"parent":0,"menu_order":0,"comment_status":"closed","ping_status":"closed","template":"","meta":{"footnotes":""},"class_list":["post-328","page","type-page","status-publish","hentry"],"_links":{"self":[{"href":"https:\/\/www.bjoly.fr\/index.php\/wp-json\/wp\/v2\/pages\/328","targetHints":{"allow":["GET"]}}],"collection":[{"href":"https:\/\/www.bjoly.fr\/index.php\/wp-json\/wp\/v2\/pages"}],"about":[{"href":"https:\/\/www.bjoly.fr\/index.php\/wp-json\/wp\/v2\/types\/page"}],"author":[{"embeddable":true,"href":"https:\/\/www.bjoly.fr\/index.php\/wp-json\/wp\/v2\/users\/2"}],"replies":[{"embeddable":true,"href":"https:\/\/www.bjoly.fr\/index.php\/wp-json\/wp\/v2\/comments?post=328"}],"version-history":[{"count":3,"href":"https:\/\/www.bjoly.fr\/index.php\/wp-json\/wp\/v2\/pages\/328\/revisions"}],"predecessor-version":[{"id":405,"href":"https:\/\/www.bjoly.fr\/index.php\/wp-json\/wp\/v2\/pages\/328\/revisions\/405"}],"wp:attachment":[{"href":"https:\/\/www.bjoly.fr\/index.php\/wp-json\/wp\/v2\/media?parent=328"}],"curies":[{"name":"wp","href":"https:\/\/api.w.org\/{rel}","templated":true}]}}