{"id":333,"date":"2020-04-02T15:11:11","date_gmt":"2020-04-02T13:11:11","guid":{"rendered":"https:\/\/www.bjoly.fr\/?page_id=333"},"modified":"2024-02-25T12:22:00","modified_gmt":"2024-02-25T11:22:00","slug":"accroitre-son-energie","status":"publish","type":"page","link":"https:\/\/www.bjoly.fr\/index.php\/accroitre-son-energie\/","title":{"rendered":"Accroitre son \u00e9nergie"},"content":{"rendered":"<p>Qui n&rsquo;a pas dit un jour, \u00ab\u00a0je n&rsquo;ai plus d&rsquo;\u00e9nergie,\u00a0 je suis \u00e9puis\u00e9(e)\u00a0\u00bb.\u00a0Que signifie cette expression ?<\/p>\n<p>Notre corps biologique est constitu\u00e9 d&rsquo;\u00e9nergie.\u00a0 Il a plusieurs possibilit\u00e9s d&rsquo;\u00e9puisement \u00e9nerg\u00e9tique mais nous retiendrons ceux \u00e9num\u00e9r\u00e9s ci apr\u00e8s :<\/p>\n<ul>\n<li>Consommation d&rsquo;\u00e9nergie pour le fonctionnement vital.<\/li>\n<li>La vie de tous les jours.<\/li>\n<li>Les contacts de quelque nature que se soit avec les autres \u00eatres (humain et\/ou animal)<\/li>\n<li>\u00a0La maladie<\/li>\n<li>Certaines addictions telles que l&rsquo;alcool, la drogue, le caf\u00e9 etc.\u2026.<\/li>\n<li>Les pens\u00e9es n\u00e9gatives.<\/li>\n<\/ul>\n<p>Il est essentiel et vital que vous vous ressourciez. Je peux vous aider \u00e0 trouver le moyen d&rsquo;accroitre votre \u00e9nergie.<\/p>\n<p>&nbsp;<\/p>\n","protected":false},"excerpt":{"rendered":"<p>Qui n&rsquo;a pas dit un jour, \u00ab\u00a0je n&rsquo;ai plus d&rsquo;\u00e9nergie,\u00a0 je suis \u00e9puis\u00e9(e)\u00a0\u00bb.\u00a0Que signifie cette expression ? Notre corps biologique est constitu\u00e9 d&rsquo;\u00e9nergie.\u00a0 Il a plusieurs possibilit\u00e9s d&rsquo;\u00e9puisement \u00e9nerg\u00e9tique mais nous retiendrons ceux \u00e9num\u00e9r\u00e9s ci apr\u00e8s : Consommation d&rsquo;\u00e9nergie pour le fonctionnement vital. La vie de tous les jours. Les contacts de quelque nature que &hellip; <\/p>\n","protected":false},"author":2,"featured_media":0,"parent":0,"menu_order":0,"comment_status":"closed","ping_status":"closed","template":"","meta":{"footnotes":""},"class_list":["post-333","page","type-page","status-publish","hentry"],"_links":{"self":[{"href":"https:\/\/www.bjoly.fr\/index.php\/wp-json\/wp\/v2\/pages\/333","targetHints":{"allow":["GET"]}}],"collection":[{"href":"https:\/\/www.bjoly.fr\/index.php\/wp-json\/wp\/v2\/pages"}],"about":[{"href":"https:\/\/www.bjoly.fr\/index.php\/wp-json\/wp\/v2\/types\/page"}],"author":[{"embeddable":true,"href":"https:\/\/www.bjoly.fr\/index.php\/wp-json\/wp\/v2\/users\/2"}],"replies":[{"embeddable":true,"href":"https:\/\/www.bjoly.fr\/index.php\/wp-json\/wp\/v2\/comments?post=333"}],"version-history":[{"count":5,"href":"https:\/\/www.bjoly.fr\/index.php\/wp-json\/wp\/v2\/pages\/333\/revisions"}],"predecessor-version":[{"id":703,"href":"https:\/\/www.bjoly.fr\/index.php\/wp-json\/wp\/v2\/pages\/333\/revisions\/703"}],"wp:attachment":[{"href":"https:\/\/www.bjoly.fr\/index.php\/wp-json\/wp\/v2\/media?parent=333"}],"curies":[{"name":"wp","href":"https:\/\/api.w.org\/{rel}","templated":true}]}}