{"id":37,"date":"2020-03-02T14:18:10","date_gmt":"2020-03-02T13:18:10","guid":{"rendered":"http:\/\/www.bjoly.fr\/?page_id=37"},"modified":"2020-04-07T18:35:33","modified_gmt":"2020-04-07T16:35:33","slug":"solutionner-les-bouleversements-et-les-ruptures-de-votre-vie","status":"publish","type":"page","link":"https:\/\/www.bjoly.fr\/index.php\/solutionner-les-bouleversements-et-les-ruptures-de-votre-vie\/","title":{"rendered":"Solutionner les bouleversements et les ruptures de votre vie"},"content":{"rendered":"<p>S&rsquo;adapter, trouver des excuses \u00e0 ce qui vous arrive dans la vie. Il est possible de ne plus subir, ne de plus \u00eatre fataliste en trouvant les solutions pour \u00eatre acteur de votre bien \u00eatre.<\/p>\n<p>&nbsp;<\/p>\n<ul>\n<li><a href=\"https:\/\/www.bjoly.fr\/index.php\/les-stress\/\"><span style=\"font-size: medium;\">Les stress<\/span><\/a><\/li>\n<li><span style=\"font-size: medium;\"><a href=\"https:\/\/www.bjoly.fr\/index.php\/le-mal-etre\/\">Le mal \u00eatre<\/a> <\/span><\/li>\n<li><span style=\"font-size: medium;\"><a href=\"https:\/\/www.bjoly.fr\/index.php\/les-inquietudes\/\">Les inqui\u00e9tudes<\/a> <\/span><\/li>\n<li><span style=\"font-size: medium;\"><a href=\"https:\/\/www.bjoly.fr\/index.php\/les-douleurs\/\">Les douleurs<\/a> <\/span><\/li>\n<li><span style=\"font-size: medium;\"><a href=\"https:\/\/www.bjoly.fr\/index.php\/les-relations-humaines\/\">Les relations humaines familiales et professionnelles<\/a> <\/span><\/li>\n<li><a href=\"https:\/\/www.bjoly.fr\/index.php\/les-troubles-de-la-vie\/\"><span style=\"font-size: medium;\">Les troubles de la vie (sommeil, alimentaire, addictions, etc&#8230;)<\/span><\/a><\/li>\n<li><span style=\"font-size: medium;\"><a href=\"https:\/\/www.bjoly.fr\/index.php\/les-separations-les-deces\/\">Les s\u00e9parations, les d\u00e9c\u00e8s<\/a> <\/span><\/li>\n<\/ul>\n","protected":false},"excerpt":{"rendered":"<p>S&rsquo;adapter, trouver des excuses \u00e0 ce qui vous arrive dans la vie. Il est possible de ne plus subir, ne de plus \u00eatre fataliste en trouvant les solutions pour \u00eatre acteur de votre bien \u00eatre. &nbsp; Les stress Le mal \u00eatre Les inqui\u00e9tudes Les douleurs Les relations humaines familiales et professionnelles Les troubles de la &hellip; <\/p>\n","protected":false},"author":1,"featured_media":0,"parent":0,"menu_order":0,"comment_status":"closed","ping_status":"closed","template":"","meta":{"footnotes":""},"class_list":["post-37","page","type-page","status-publish","hentry"],"_links":{"self":[{"href":"https:\/\/www.bjoly.fr\/index.php\/wp-json\/wp\/v2\/pages\/37","targetHints":{"allow":["GET"]}}],"collection":[{"href":"https:\/\/www.bjoly.fr\/index.php\/wp-json\/wp\/v2\/pages"}],"about":[{"href":"https:\/\/www.bjoly.fr\/index.php\/wp-json\/wp\/v2\/types\/page"}],"author":[{"embeddable":true,"href":"https:\/\/www.bjoly.fr\/index.php\/wp-json\/wp\/v2\/users\/1"}],"replies":[{"embeddable":true,"href":"https:\/\/www.bjoly.fr\/index.php\/wp-json\/wp\/v2\/comments?post=37"}],"version-history":[{"count":9,"href":"https:\/\/www.bjoly.fr\/index.php\/wp-json\/wp\/v2\/pages\/37\/revisions"}],"predecessor-version":[{"id":367,"href":"https:\/\/www.bjoly.fr\/index.php\/wp-json\/wp\/v2\/pages\/37\/revisions\/367"}],"wp:attachment":[{"href":"https:\/\/www.bjoly.fr\/index.php\/wp-json\/wp\/v2\/media?parent=37"}],"curies":[{"name":"wp","href":"https:\/\/api.w.org\/{rel}","templated":true}]}}