{"id":39,"date":"2020-03-02T14:19:29","date_gmt":"2020-03-02T13:19:29","guid":{"rendered":"http:\/\/www.bjoly.fr\/?page_id=39"},"modified":"2020-04-07T18:22:43","modified_gmt":"2020-04-07T16:22:43","slug":"delivrer-vos-emotions-et-sentiments-negatifs","status":"publish","type":"page","link":"https:\/\/www.bjoly.fr\/index.php\/delivrer-vos-emotions-et-sentiments-negatifs\/","title":{"rendered":"D\u00e9livrer vos \u00e9motions et sentiments n\u00e9gatifs"},"content":{"rendered":"<p>Emprisonn\u00e9(e) dans un \u00e9tat d&rsquo;esprit n\u00e9gatif, vous pouvez vous d\u00e9livrer de ce fonctionnement afin de retrouver la joie de vivre.<\/p>\n<p>&nbsp;<\/p>\n<ul>\n<li><span style=\"font-size: medium;\"><a href=\"https:\/\/www.bjoly.fr\/index.php\/la-colere-entraine-la-haine\/\">Les col\u00e8res entrainent la haine<\/a> <\/span><\/li>\n<li><span style=\"font-size: medium;\"><a href=\"https:\/\/www.bjoly.fr\/index.php\/les-peurs-et-les-terreurs-incitent-la-panique\/\">Les peurs et les terreurs qui incitent \u00e0 la panique<\/a> <\/span><\/li>\n<li><span style=\"font-size: medium;\"><a href=\"https:\/\/www.bjoly.fr\/index.php\/les-tristesses-et-les-chagrins-qui-vous-emmenent-dans-la-depression\/\">Les tristesses et les chagrins qui vous emm\u00e8nent dans la d\u00e9pression<\/a> <\/span><\/li>\n<\/ul>\n","protected":false},"excerpt":{"rendered":"<p>Emprisonn\u00e9(e) dans un \u00e9tat d&rsquo;esprit n\u00e9gatif, vous pouvez vous d\u00e9livrer de ce fonctionnement afin de retrouver la joie de vivre. &nbsp; Les col\u00e8res entrainent la haine Les peurs et les terreurs qui incitent \u00e0 la panique Les tristesses et les chagrins qui vous emm\u00e8nent dans la d\u00e9pression<\/p>\n","protected":false},"author":1,"featured_media":0,"parent":0,"menu_order":0,"comment_status":"closed","ping_status":"closed","template":"","meta":{"footnotes":""},"class_list":["post-39","page","type-page","status-publish","hentry"],"_links":{"self":[{"href":"https:\/\/www.bjoly.fr\/index.php\/wp-json\/wp\/v2\/pages\/39","targetHints":{"allow":["GET"]}}],"collection":[{"href":"https:\/\/www.bjoly.fr\/index.php\/wp-json\/wp\/v2\/pages"}],"about":[{"href":"https:\/\/www.bjoly.fr\/index.php\/wp-json\/wp\/v2\/types\/page"}],"author":[{"embeddable":true,"href":"https:\/\/www.bjoly.fr\/index.php\/wp-json\/wp\/v2\/users\/1"}],"replies":[{"embeddable":true,"href":"https:\/\/www.bjoly.fr\/index.php\/wp-json\/wp\/v2\/comments?post=39"}],"version-history":[{"count":8,"href":"https:\/\/www.bjoly.fr\/index.php\/wp-json\/wp\/v2\/pages\/39\/revisions"}],"predecessor-version":[{"id":362,"href":"https:\/\/www.bjoly.fr\/index.php\/wp-json\/wp\/v2\/pages\/39\/revisions\/362"}],"wp:attachment":[{"href":"https:\/\/www.bjoly.fr\/index.php\/wp-json\/wp\/v2\/media?parent=39"}],"curies":[{"name":"wp","href":"https:\/\/api.w.org\/{rel}","templated":true}]}}