{"id":42,"date":"2020-03-02T14:21:58","date_gmt":"2020-03-02T13:21:58","guid":{"rendered":"http:\/\/www.bjoly.fr\/?page_id=42"},"modified":"2020-04-04T13:45:10","modified_gmt":"2020-04-04T11:45:10","slug":"enrichir-votre-perception-a-la-vie","status":"publish","type":"page","link":"https:\/\/www.bjoly.fr\/index.php\/enrichir-votre-perception-a-la-vie\/","title":{"rendered":"Enrichir votre perception \u00e0 la vie"},"content":{"rendered":"<p>La vie est comme l&rsquo;\u00e9cole un perp\u00e9tuel\u00a0 apprentissage :<\/p>\n<p>&nbsp;<\/p>\n<p>&nbsp;<\/p>\n<ul>\n<li><span style=\"font-size: medium;\"><a href=\"https:\/\/www.bjoly.fr\/index.php\/2020\/04\/01\/ameliorer-sa-vie\/\">Am\u00e9liorer sa vie<\/a> <\/span><\/li>\n<li><a href=\"https:\/\/www.bjoly.fr\/index.php\/eveil-de-soi\/\"><span style=\"font-size: medium;\">\u00c9veil de soi<\/span><\/a><\/li>\n<li><a href=\"https:\/\/www.bjoly.fr\/index.php\/souffrances-de-lame-presentes-et-ancestrales\/\"><span style=\"font-size: medium;\">Souffrances de l\u2019\u00e2me pr\u00e9sentes et ancestrales <\/span><\/a><\/li>\n<li><span style=\"font-size: medium;\"><a href=\"https:\/\/www.bjoly.fr\/index.php\/accroitre-son-energie\/\">Accroitre son \u00e9nergie<\/a> <\/span><\/li>\n<li><a href=\"https:\/\/www.bjoly.fr\/index.php\/2020\/04\/01\/agir-sur-les-chakras\/\"><span style=\"font-size: medium;\">Agir sur les chakras<\/span><\/a><\/li>\n<li><a href=\"https:\/\/www.bjoly.fr\/index.php\/2020\/04\/01\/accepter-le-deuil-sans-oublier\/\"><span style=\"font-size: medium;\">Accepter le deuil sans oublier <\/span><\/a><\/li>\n<li><a href=\"https:\/\/www.bjoly.fr\/index.php\/souvrir-a-dautres-voies\/\"><span style=\"font-size: medium;\">S\u2019ouvrir \u00e0 d\u2019autres voies<\/span><\/a><\/li>\n<\/ul>\n","protected":false},"excerpt":{"rendered":"<p>La vie est comme l&rsquo;\u00e9cole un perp\u00e9tuel\u00a0 apprentissage : &nbsp; &nbsp; Am\u00e9liorer sa vie \u00c9veil de soi Souffrances de l\u2019\u00e2me pr\u00e9sentes et ancestrales Accroitre son \u00e9nergie Agir sur les chakras Accepter le deuil sans oublier S\u2019ouvrir \u00e0 d\u2019autres voies<\/p>\n","protected":false},"author":1,"featured_media":0,"parent":0,"menu_order":0,"comment_status":"closed","ping_status":"closed","template":"","meta":{"footnotes":""},"class_list":["post-42","page","type-page","status-publish","hentry"],"_links":{"self":[{"href":"https:\/\/www.bjoly.fr\/index.php\/wp-json\/wp\/v2\/pages\/42","targetHints":{"allow":["GET"]}}],"collection":[{"href":"https:\/\/www.bjoly.fr\/index.php\/wp-json\/wp\/v2\/pages"}],"about":[{"href":"https:\/\/www.bjoly.fr\/index.php\/wp-json\/wp\/v2\/types\/page"}],"author":[{"embeddable":true,"href":"https:\/\/www.bjoly.fr\/index.php\/wp-json\/wp\/v2\/users\/1"}],"replies":[{"embeddable":true,"href":"https:\/\/www.bjoly.fr\/index.php\/wp-json\/wp\/v2\/comments?post=42"}],"version-history":[{"count":21,"href":"https:\/\/www.bjoly.fr\/index.php\/wp-json\/wp\/v2\/pages\/42\/revisions"}],"predecessor-version":[{"id":352,"href":"https:\/\/www.bjoly.fr\/index.php\/wp-json\/wp\/v2\/pages\/42\/revisions\/352"}],"wp:attachment":[{"href":"https:\/\/www.bjoly.fr\/index.php\/wp-json\/wp\/v2\/media?parent=42"}],"curies":[{"name":"wp","href":"https:\/\/api.w.org\/{rel}","templated":true}]}}